{"id":551,"date":"2020-08-10T19:30:04","date_gmt":"2020-08-10T17:30:04","guid":{"rendered":"https:\/\/yvanclerc.com\/?page_id=551"},"modified":"2020-08-10T19:32:58","modified_gmt":"2020-08-10T17:32:58","slug":"mentions-legales","status":"publish","type":"page","link":"https:\/\/yvanclerc.com\/en\/mentions-legales\/","title":{"rendered":"Legal Notice"},"content":{"rendered":"<h1 class=\"wp-block-heading\">LEGAL NOTICE<\/h1>\n\n\n\n<p><strong>Credits<\/strong><\/p>\n\n\n\n<p><strong>Publication Director :<br>Yvan Clerc<br>Rue du Locle 28,<br>2300 La Chaux-de-Fonds<br>Swiss<br>E-mail: contact@yvanclerc.com<\/strong><\/p>\n\n\n\n<p><strong>Responsible for publication: M. Yvan Clerc<\/strong><\/p>\n\n\n\n<p>Accommodation: Akeyan<br>Terms of Service<br>The user of the website www.yvanclerc.com acknowledges having the skills and means necessary to access and use this website.<br>The users of the website are required to respect the provisions of the law relating to data processing, files and freedoms, the violation of which is punishable by criminal penalties.<br>In particular, with regard to personal information to which they have access, they must refrain from any collection, any misuse and in general, any act likely to infringe the privacy or reputation of individuals. .<br>The user is notably informed, in accordance with article 27 of the aforementioned law of 1978:<br>That the information given from the forms on the website may be transmitted and used by Yvan Clerc.<br>That he also has the right to access and rectify his data.<br>This right of access and rectification can be exercised by e-mail to this address contact@yvanclerc.com or by post.<\/p>\n\n\n\n<p>D\u00e9licassie makes available and verified information and tools available to users of the www.yvanclerc.com site, but it cannot be held responsible for errors or the unavailability of certain information. We thank the users of the site for informing us of any omissions, errors or corrections, by sending an e-mail to the site&#039;s webmaster at this address contact@yvanclerc.com<br>Property<br>The general structure, as well as the software, texts, animated or fixed images, sounds, know-how, drawings, graphics and all other elements composing the site www.yvanclerc.com are for the exclusive use of Yvan Clerc. Any total or partial representation of this site, by any means whatsoever, without the express authorization of Hubert is prohibited and constitutes an infringement punishable by articles L335-2 and following of the Intellectual Property Code.<br>The hypertext links set up within the framework of this website to other resources present on the internet network, can not engage the responsibility of Hubert.<\/p>\n\n\n\n<p>The use of this website is governed by French law with the exception of any other legislation.<\/p>","protected":false},"excerpt":{"rendered":"<p>MENTIONS L\u00c9GALES Cr\u00e9dits Directeur de la publication :Yvan ClercRue du Locle 28,2300 La Chaux-de-FondsSuisseE-mail : contact@yvanclerc.com Responsable de la publication : M. Yvan Clerc H\u00e9bergement :\u00a0AkeyanConditions g\u00e9n\u00e9rales d\u2019utilisationL\u2019utilisateur du site internet\u00a0www.yvanclerc.com\u00a0reconna\u00eet disposer de la comp\u00e9tence et des moyens n\u00e9cessaires pour acc\u00e9der et utiliser ce site internet.Les utilisateurs du site web sont tenus de respecter les [&hellip;]<\/p>","protected":false},"author":1,"featured_media":0,"parent":0,"menu_order":0,"comment_status":"closed","ping_status":"closed","template":"","meta":{"_et_pb_use_builder":"off","_et_pb_old_content":"","_et_gb_content_width":"","footnotes":""},"class_list":["post-551","page","type-page","status-publish","hentry"],"yoast_head":"<!-- This site is optimized with the Yoast SEO plugin v24.9 - https:\/\/yoast.com\/wordpress\/plugins\/seo\/ -->\n<title>Mentions legales - Yvan Clerc<\/title>\n<meta name=\"robots\" content=\"index, follow, max-snippet:-1, max-image-preview:large, max-video-preview:-1\" \/>\n<link rel=\"canonical\" href=\"https:\/\/yvanclerc.com\/en\/mentions-legales\/\" \/>\n<meta property=\"og:locale\" content=\"en_US\" \/>\n<meta property=\"og:type\" content=\"article\" \/>\n<meta property=\"og:title\" content=\"Mentions legales - Yvan Clerc\" \/>\n<meta property=\"og:description\" content=\"MENTIONS L\u00c9GALES Cr\u00e9dits Directeur de la publication :Yvan ClercRue du Locle 28,2300 La Chaux-de-FondsSuisseE-mail : contact@yvanclerc.com Responsable de la publication : M. Yvan Clerc H\u00e9bergement :\u00a0AkeyanConditions g\u00e9n\u00e9rales d\u2019utilisationL\u2019utilisateur du site internet\u00a0www.yvanclerc.com\u00a0reconna\u00eet disposer de la comp\u00e9tence et des moyens n\u00e9cessaires pour acc\u00e9der et utiliser ce site internet.Les utilisateurs du site web sont tenus de respecter les [&hellip;]\" \/>\n<meta property=\"og:url\" content=\"https:\/\/yvanclerc.com\/en\/mentions-legales\/\" \/>\n<meta property=\"og:site_name\" content=\"Yvan Clerc\" \/>\n<meta property=\"article:modified_time\" content=\"2020-08-10T17:32:58+00:00\" \/>\n<meta name=\"twitter:card\" content=\"summary_large_image\" \/>\n<meta name=\"twitter:label1\" content=\"Est. reading time\" \/>\n\t<meta name=\"twitter:data1\" content=\"2 minutes\" \/>\n<script type=\"application\/ld+json\" class=\"yoast-schema-graph\">{\"@context\":\"https:\/\/schema.org\",\"@graph\":[{\"@type\":\"WebPage\",\"@id\":\"https:\/\/yvanclerc.com\/mentions-legales\/\",\"url\":\"https:\/\/yvanclerc.com\/mentions-legales\/\",\"name\":\"Mentions legales - Yvan Clerc\",\"isPartOf\":{\"@id\":\"https:\/\/yvanclerc.com\/#website\"},\"datePublished\":\"2020-08-10T17:30:04+00:00\",\"dateModified\":\"2020-08-10T17:32:58+00:00\",\"breadcrumb\":{\"@id\":\"https:\/\/yvanclerc.com\/mentions-legales\/#breadcrumb\"},\"inLanguage\":\"en-US\",\"potentialAction\":[{\"@type\":\"ReadAction\",\"target\":[\"https:\/\/yvanclerc.com\/mentions-legales\/\"]}]},{\"@type\":\"BreadcrumbList\",\"@id\":\"https:\/\/yvanclerc.com\/mentions-legales\/#breadcrumb\",\"itemListElement\":[{\"@type\":\"ListItem\",\"position\":1,\"name\":\"Accueil\",\"item\":\"https:\/\/yvanclerc.com\/\"},{\"@type\":\"ListItem\",\"position\":2,\"name\":\"Mentions legales\"}]},{\"@type\":\"WebSite\",\"@id\":\"https:\/\/yvanclerc.com\/#website\",\"url\":\"https:\/\/yvanclerc.com\/\",\"name\":\"Yvan Clerc\",\"description\":\"\",\"publisher\":{\"@id\":\"https:\/\/yvanclerc.com\/#organization\"},\"potentialAction\":[{\"@type\":\"SearchAction\",\"target\":{\"@type\":\"EntryPoint\",\"urlTemplate\":\"https:\/\/yvanclerc.com\/?s={search_term_string}\"},\"query-input\":{\"@type\":\"PropertyValueSpecification\",\"valueRequired\":true,\"valueName\":\"search_term_string\"}}],\"inLanguage\":\"en-US\"},{\"@type\":\"Organization\",\"@id\":\"https:\/\/yvanclerc.com\/#organization\",\"name\":\"Yvan Clerc\",\"url\":\"https:\/\/yvanclerc.com\/\",\"logo\":{\"@type\":\"ImageObject\",\"inLanguage\":\"en-US\",\"@id\":\"https:\/\/yvanclerc.com\/#\/schema\/logo\/image\/\",\"url\":\"https:\/\/yvanclerc.com\/wp-content\/uploads\/2020\/08\/Yvan-Clerc-v3-noir.png\",\"contentUrl\":\"https:\/\/yvanclerc.com\/wp-content\/uploads\/2020\/08\/Yvan-Clerc-v3-noir.png\",\"width\":3800,\"height\":1771,\"caption\":\"Yvan Clerc\"},\"image\":{\"@id\":\"https:\/\/yvanclerc.com\/#\/schema\/logo\/image\/\"},\"sameAs\":[\"https:\/\/ch.linkedin.com\/in\/yvan-clerc-59493060\"]}]}<\/script>\n<!-- \/ Yoast SEO plugin. -->","yoast_head_json":{"title":"Mentions legales - Yvan Clerc","robots":{"index":"index","follow":"follow","max-snippet":"max-snippet:-1","max-image-preview":"max-image-preview:large","max-video-preview":"max-video-preview:-1"},"canonical":"https:\/\/yvanclerc.com\/en\/mentions-legales\/","og_locale":"en_US","og_type":"article","og_title":"Mentions legales - Yvan Clerc","og_description":"MENTIONS L\u00c9GALES Cr\u00e9dits Directeur de la publication :Yvan ClercRue du Locle 28,2300 La Chaux-de-FondsSuisseE-mail : contact@yvanclerc.com Responsable de la publication : M. Yvan Clerc H\u00e9bergement :\u00a0AkeyanConditions g\u00e9n\u00e9rales d\u2019utilisationL\u2019utilisateur du site internet\u00a0www.yvanclerc.com\u00a0reconna\u00eet disposer de la comp\u00e9tence et des moyens n\u00e9cessaires pour acc\u00e9der et utiliser ce site internet.Les utilisateurs du site web sont tenus de respecter les [&hellip;]","og_url":"https:\/\/yvanclerc.com\/en\/mentions-legales\/","og_site_name":"Yvan Clerc","article_modified_time":"2020-08-10T17:32:58+00:00","twitter_card":"summary_large_image","twitter_misc":{"Est. reading time":"2 minutes"},"schema":{"@context":"https:\/\/schema.org","@graph":[{"@type":"WebPage","@id":"https:\/\/yvanclerc.com\/mentions-legales\/","url":"https:\/\/yvanclerc.com\/mentions-legales\/","name":"Mentions legales - Yvan Clerc","isPartOf":{"@id":"https:\/\/yvanclerc.com\/#website"},"datePublished":"2020-08-10T17:30:04+00:00","dateModified":"2020-08-10T17:32:58+00:00","breadcrumb":{"@id":"https:\/\/yvanclerc.com\/mentions-legales\/#breadcrumb"},"inLanguage":"en-US","potentialAction":[{"@type":"ReadAction","target":["https:\/\/yvanclerc.com\/mentions-legales\/"]}]},{"@type":"BreadcrumbList","@id":"https:\/\/yvanclerc.com\/mentions-legales\/#breadcrumb","itemListElement":[{"@type":"ListItem","position":1,"name":"Accueil","item":"https:\/\/yvanclerc.com\/"},{"@type":"ListItem","position":2,"name":"Mentions legales"}]},{"@type":"WebSite","@id":"https:\/\/yvanclerc.com\/#website","url":"https:\/\/yvanclerc.com\/","name":"Yvan Clerc","description":"","publisher":{"@id":"https:\/\/yvanclerc.com\/#organization"},"potentialAction":[{"@type":"SearchAction","target":{"@type":"EntryPoint","urlTemplate":"https:\/\/yvanclerc.com\/?s={search_term_string}"},"query-input":{"@type":"PropertyValueSpecification","valueRequired":true,"valueName":"search_term_string"}}],"inLanguage":"en-US"},{"@type":"Organization","@id":"https:\/\/yvanclerc.com\/#organization","name":"Yvan Clerc","url":"https:\/\/yvanclerc.com\/","logo":{"@type":"ImageObject","inLanguage":"en-US","@id":"https:\/\/yvanclerc.com\/#\/schema\/logo\/image\/","url":"https:\/\/yvanclerc.com\/wp-content\/uploads\/2020\/08\/Yvan-Clerc-v3-noir.png","contentUrl":"https:\/\/yvanclerc.com\/wp-content\/uploads\/2020\/08\/Yvan-Clerc-v3-noir.png","width":3800,"height":1771,"caption":"Yvan Clerc"},"image":{"@id":"https:\/\/yvanclerc.com\/#\/schema\/logo\/image\/"},"sameAs":["https:\/\/ch.linkedin.com\/in\/yvan-clerc-59493060"]}]}},"_links":{"self":[{"href":"https:\/\/yvanclerc.com\/en\/wp-json\/wp\/v2\/pages\/551","targetHints":{"allow":["GET"]}}],"collection":[{"href":"https:\/\/yvanclerc.com\/en\/wp-json\/wp\/v2\/pages"}],"about":[{"href":"https:\/\/yvanclerc.com\/en\/wp-json\/wp\/v2\/types\/page"}],"author":[{"embeddable":true,"href":"https:\/\/yvanclerc.com\/en\/wp-json\/wp\/v2\/users\/1"}],"replies":[{"embeddable":true,"href":"https:\/\/yvanclerc.com\/en\/wp-json\/wp\/v2\/comments?post=551"}],"version-history":[{"count":3,"href":"https:\/\/yvanclerc.com\/en\/wp-json\/wp\/v2\/pages\/551\/revisions"}],"predecessor-version":[{"id":554,"href":"https:\/\/yvanclerc.com\/en\/wp-json\/wp\/v2\/pages\/551\/revisions\/554"}],"wp:attachment":[{"href":"https:\/\/yvanclerc.com\/en\/wp-json\/wp\/v2\/media?parent=551"}],"curies":[{"name":"wp","href":"https:\/\/api.w.org\/{rel}","templated":true}]}}