{"id":155,"date":"2020-06-11T23:46:13","date_gmt":"2020-06-11T21:46:13","guid":{"rendered":"https:\/\/yvanclerc.com\/?page_id=155"},"modified":"2020-08-21T09:09:15","modified_gmt":"2020-08-21T07:09:15","slug":"qui-suis-je","status":"publish","type":"page","link":"https:\/\/yvanclerc.com\/en\/qui-suis-je\/","title":{"rendered":"Who am I ?"},"content":{"rendered":"<p>[et_pb_section fb_built=\u00a0\u00bb1&Prime; custom_padding_last_edited=\u00a0\u00bbon|tablet\u00a0\u00bb admin_label=\u00a0\u00bbHero\u00a0\u00bb _builder_version=\u00a0\u00bb4.4.7&Prime; use_background_color_gradient=\u00a0\u00bbon\u00a0\u00bb background_color_gradient_start=\u00a0\u00bbrgba(27,31,37,0)\u00a0\u00bb background_color_gradient_end=\u00a0\u00bb#1b1f25&Prime; background_color_gradient_overlays_image=\u00a0\u00bbon\u00a0\u00bb background_image=\u00a0\u00bbhttps:\/\/yvanclerc.com\/wp-content\/uploads\/2020\/07\/JOC_7309.jpg\u00a0\u00bb custom_margin=\u00a0\u00bb||||false|false\u00a0\u00bb custom_padding=\u00a0\u00bb11%|10%|11%|10%|true|true\u00a0\u00bb custom_padding_tablet=\u00a0\u00bb|30px||30px||true\u00a0\u00bb custom_padding_phone=\u00a0\u00bb|||||true\u00a0\u00bb locked=\u00a0\u00bboff\u00a0\u00bb][et_pb_row _builder_version=\u00a0\u00bb4.4.7&Prime;][et_pb_column type=\u00a0\u00bb4_4&Prime; _builder_version=\u00a0\u00bb4.4.7&Prime;][et_pb_divider show_divider=\u00a0\u00bboff\u00a0\u00bb _builder_version=\u00a0\u00bb4.4.7&Prime; custom_margin=\u00a0\u00bb5%||5%||true|false\u00a0\u00bb custom_padding=\u00a0\u00bb5%||5%||true|false\u00a0\u00bb][\/et_pb_divider][et_pb_divider show_divider=\u00a0\u00bboff\u00a0\u00bb _builder_version=\u00a0\u00bb4.4.7&Prime; custom_margin_tablet=\u00a0\u00bb\u00a0\u00bb custom_margin_phone=\u00a0\u00bb60%||||false|false\u00a0\u00bb custom_margin_last_edited=\u00a0\u00bbon|phone\u00a0\u00bb][\/et_pb_divider][\/et_pb_column][\/et_pb_row][et_pb_row _builder_version=\u00a0\u00bb4.4.7&Prime; custom_margin=\u00a0\u00bb5%||||false|false\u00a0\u00bb custom_padding=\u00a0\u00bb5%||||false|false\u00a0\u00bb][et_pb_column type=\u00a0\u00bb4_4&Prime; _builder_version=\u00a0\u00bb4.4.7&Prime;][et_pb_text _builder_version=\u00a0\u00bb4.4.7&Prime; text_font=\u00a0\u00bbLato||||||||\u00a0\u00bb text_font_size=\u00a0\u00bb20px\u00a0\u00bb text_line_height=\u00a0\u00bb1.8em\u00a0\u00bb header_font=\u00a0\u00bbAvenir book|900|||||||\u00a0\u00bb header_text_align=\u00a0\u00bbcenter\u00a0\u00bb header_text_color=\u00a0\u00bb#ffffff\u00a0\u00bb header_font_size=\u00a0\u00bb7vw\u00a0\u00bb header_letter_spacing=\u00a0\u00bb0.05em\u00a0\u00bb header_line_height=\u00a0\u00bb0.9em\u00a0\u00bb background_layout=\u00a0\u00bbdark\u00a0\u00bb module_alignment=\u00a0\u00bbcenter\u00a0\u00bb custom_margin=\u00a0\u00bb||||false|false\u00a0\u00bb custom_margin_tablet=\u00a0\u00bb|0vw||\u00a0\u00bb custom_margin_phone=\u00a0\u00bb|-5vw||\u00a0\u00bb custom_margin_last_edited=\u00a0\u00bbon|tablet\u00a0\u00bb custom_padding=\u00a0\u00bb||||false|false\u00a0\u00bb animation_style=\u00a0\u00bbzoom\u00a0\u00bb animation_delay=\u00a0\u00bb100ms\u00a0\u00bb animation_intensity_zoom=\u00a0\u00bb10%\u00a0\u00bb header_font_size_tablet=\u00a0\u00bb\u00a0\u00bb header_font_size_phone=\u00a0\u00bb\u00a0\u00bb header_font_size_last_edited=\u00a0\u00bbon|phone\u00a0\u00bb header_line_height_tablet=\u00a0\u00bb\u00a0\u00bb header_line_height_phone=\u00a0\u00bb1.2em\u00a0\u00bb header_line_height_last_edited=\u00a0\u00bbon|phone\u00a0\u00bb header_text_shadow_style=\u00a0\u00bbpreset1&Prime; header_text_shadow_vertical_length=\u00a0\u00bb0.18em\u00a0\u00bb header_text_shadow_blur_strength=\u00a0\u00bb0.27em\u00a0\u00bb header_text_shadow_color=\u00a0\u00bbrgba(0,0,0,0.38)\u00a0\u00bb]<\/p>\n<h1>Who am I ?<\/h1>\n<p>[\/et_pb_text][\/et_pb_column][\/et_pb_row][et_pb_row column_structure=\u00a0\u00bb1_2,1_2&Prime; _builder_version=\u00a0\u00bb4.4.7&Prime;][et_pb_column type=\u00a0\u00bb1_2&Prime; _builder_version=\u00a0\u00bb4.4.7&Prime;][et_pb_text _builder_version=\u00a0\u00bb4.4.7&Prime; text_font=\u00a0\u00bbLato||||||||\u00a0\u00bb text_font_size=\u00a0\u00bb20px\u00a0\u00bb text_line_height=\u00a0\u00bb1.8em\u00a0\u00bb header_font=\u00a0\u00bb||||||||\u00a0\u00bb background_layout=\u00a0\u00bbdark\u00a0\u00bb custom_margin=\u00a0\u00bb|-10vw||6vw|false|false\u00a0\u00bb custom_margin_tablet=\u00a0\u00bb|0vw||0px\u00a0\u00bb custom_margin_phone=\u00a0\u00bb\u00a0\u00bb custom_margin_last_edited=\u00a0\u00bbon|desktop\u00a0\u00bb animation_style=\u00a0\u00bbslide\u00a0\u00bb animation_direction=\u00a0\u00bbleft\u00a0\u00bb animation_intensity_slide=\u00a0\u00bb10%\u00a0\u00bb locked=\u00a0\u00bboff\u00a0\u00bb]<\/p>\n<p>After a career in watchmaking, which allowed me to acquire a certain <strong>experience<\/strong> as well as a keen knowledge of the industrial environment, I decided to combine <strong>my skills<\/strong> techniques and\u00a0<strong>my network<\/strong> to put them at the service of <strong>your projects.<\/strong><\/p>\n<p>[\/et_pb_text][\/et_pb_column][et_pb_column type=\u00a0\u00bb1_2&Prime; _builder_version=\u00a0\u00bb4.4.7&Prime;][\/et_pb_column][\/et_pb_row][\/et_pb_section][et_pb_section fb_built=\u00a0\u00bb1&Prime; admin_label=\u00a0\u00bbAbout Us\u00a0\u00bb _builder_version=\u00a0\u00bb3.22&Prime; custom_padding=\u00a0\u00bb120px|0px||0px|false|false\u00a0\u00bb][et_pb_row _builder_version=\u00a0\u00bb3.25&Prime; max_width=\u00a0\u00bb960px\u00a0\u00bb module_alignment=\u00a0\u00bbcenter\u00a0\u00bb use_custom_width=\u00a0\u00bbon\u00a0\u00bb custom_width_px=\u00a0\u00bb960px\u00a0\u00bb locked=\u00a0\u00bboff\u00a0\u00bb][et_pb_column type=\u00a0\u00bb4_4&Prime; _builder_version=\u00a0\u00bb3.25&Prime; custom_padding=\u00a0\u00bb|||\u00a0\u00bb custom_padding__hover=\u00a0\u00bb|||\u00a0\u00bb][et_pb_text admin_label=\u00a0\u00bbTitle\u00a0\u00bb _builder_version=\u00a0\u00bb4.4.7&Prime; text_font=\u00a0\u00bbAvenir book||||||||\u00a0\u00bb text_text_color=\u00a0\u00bb#303030&Prime; text_font_size=\u00a0\u00bb20px\u00a0\u00bb text_line_height=\u00a0\u00bb1.8em\u00a0\u00bb header_font=\u00a0\u00bb||||||||\u00a0\u00bb header_2_font=\u00a0\u00bbAvenir book|800|||||||\u00a0\u00bb header_2_font_size=\u00a0\u00bb68px\u00a0\u00bb header_2_line_height=\u00a0\u00bb1.9em\u00a0\u00bb text_orientation=\u00a0\u00bbcenter\u00a0\u00bb max_width=\u00a0\u00bb750px\u00a0\u00bb module_alignment=\u00a0\u00bbcenter\u00a0\u00bb custom_margin=\u00a0\u00bb|||\u00a0\u00bb header_2_font_size_tablet=\u00a0\u00bb66px\u00a0\u00bb header_2_font_size_phone=\u00a0\u00bb43px\u00a0\u00bb header_2_font_size_last_edited=\u00a0\u00bbon|phone\u00a0\u00bb header_2_line_height_tablet=\u00a0\u00bb\u00a0\u00bb header_2_line_height_phone=\u00a0\u00bb\u00a0\u00bb header_2_line_height_last_edited=\u00a0\u00bbon|desktop\u00a0\u00bb]<\/p>\n<h2>The only limit,<br \/>it&#039;s yourself.<\/h2>\n<p>The <strong>modernization<\/strong> industry, the constant evolution of technology, <strong>technology<\/strong>, IT and digital, allow us to affirm that today,<br \/> <strong>everything is possible<\/strong>.<br \/> Let your imagination and creativity run wild to invent, imagine, create and <strong>design whatever you want<\/strong>.<br \/> Give me <strong>your ideas<\/strong> on paper, I will take care of transforming them <strong>in<\/strong> <strong>reality<\/strong>.<br \/> I will know you <strong>advise<\/strong> and help you to study all aspects of your project,<br \/> such a\u00a0<span style=\"font-size: 20px;\">conductor who knows how to compose with the different instruments.<br \/> Fred<\/span><span style=\"font-size: 20px;\">on the melody, together we will write the score to make <strong>your project<\/strong> THE symphony <strong>that you<\/strong> <strong>looks like.<\/strong><\/span><\/p>\n<p>&nbsp;<\/p>\n<p>[\/et_pb_text][\/et_pb_column][\/et_pb_row][\/et_pb_section][et_pb_section fb_built=\u00a0\u00bb1&Prime; custom_padding_last_edited=\u00a0\u00bbon|phone\u00a0\u00bb prev_background_color=\u00a0\u00bb#ffffff\u00a0\u00bb next_background_color=\u00a0\u00bb#ffffff\u00a0\u00bb admin_label=\u00a0\u00bbOur History\u00a0\u00bb _builder_version=\u00a0\u00bb4.4.7&Prime; use_background_color_gradient=\u00a0\u00bbon\u00a0\u00bb background_color_gradient_start=\u00a0\u00bbrgba(27,31,37,0.3)\u00a0\u00bb background_color_gradient_end=\u00a0\u00bb#1b1f25&Prime; background_color_gradient_overlays_image=\u00a0\u00bbon\u00a0\u00bb background_image=\u00a0\u00bbhttps:\/\/yvanclerc.com\/wp-content\/uploads\/2020\/06\/Pieces-techniques.jpg\u00a0\u00bb custom_padding=\u00a0\u00bb180px||0px||false|false\u00a0\u00bb custom_padding_tablet=\u00a0\u00bb|||\u00a0\u00bb custom_padding_phone=\u00a0\u00bb100px|||\u00a0\u00bb top_divider_style=\u00a0\u00bbarrow\u00a0\u00bb top_divider_height_tablet=\u00a0\u00bb\u00a0\u00bb top_divider_height_phone=\u00a0\u00bb50px\u00a0\u00bb top_divider_height_last_edited=\u00a0\u00bbon|phone\u00a0\u00bb bottom_divider_style=\u00a0\u00bbarrow\u00a0\u00bb box_shadow_style=\u00a0\u00bbpreset7&Prime; box_shadow_horizontal=\u00a0\u00bb0px\u00a0\u00bb box_shadow_vertical=\u00a0\u00bb-150px\u00a0\u00bb box_shadow_color=\u00a0\u00bb#ffffff\u00a0\u00bb locked=\u00a0\u00bboff\u00a0\u00bb][et_pb_row _builder_version=\u00a0\u00bb3.25&Prime; background_color=\u00a0\u00bb#f7f7f7&Prime; module_alignment=\u00a0\u00bbcenter\u00a0\u00bb custom_margin=\u00a0\u00bb0px|||\u00a0\u00bb custom_padding=\u00a0\u00bb60px|0px|0|0px|false|false\u00a0\u00bb locked=\u00a0\u00bboff\u00a0\u00bb][et_pb_column type=\u00a0\u00bb4_4&Prime; _builder_version=\u00a0\u00bb3.25&Prime; custom_padding=\u00a0\u00bb|||\u00a0\u00bb custom_padding__hover=\u00a0\u00bb|||\u00a0\u00bb][et_pb_text admin_label=\u00a0\u00bbTitle\u00a0\u00bb _builder_version=\u00a0\u00bb4.4.7&Prime; text_font=\u00a0\u00bbLato||||||||\u00a0\u00bb text_font_size=\u00a0\u00bb20px\u00a0\u00bb text_line_height=\u00a0\u00bb1.8em\u00a0\u00bb header_font=\u00a0\u00bb||||||||\u00a0\u00bb header_2_font=\u00a0\u00bbAvenir book|900|||||||\u00a0\u00bb header_2_text_color=\u00a0\u00bb#303030&Prime; header_2_font_size=\u00a0\u00bb96px\u00a0\u00bb header_2_line_height=\u00a0\u00bb1.6em\u00a0\u00bb text_orientation=\u00a0\u00bbcenter\u00a0\u00bb max_width=\u00a0\u00bb700px\u00a0\u00bb module_alignment=\u00a0\u00bbcenter\u00a0\u00bb custom_margin=\u00a0\u00bb||0px|\u00a0\u00bb header_2_font_size_tablet=\u00a0\u00bb66px\u00a0\u00bb header_2_font_size_phone=\u00a0\u00bb40px\u00a0\u00bb header_2_font_size_last_edited=\u00a0\u00bbon|phone\u00a0\u00bb]<\/p>\n<h2>When your ideas come to life ...<\/h2>\n<p>[\/et_pb_text][\/et_pb_column][\/et_pb_row][et_pb_row column_structure=\u00a0\u00bb1_2,1_2&Prime; custom_padding_last_edited=\u00a0\u00bboff|desktop\u00a0\u00bb _builder_version=\u00a0\u00bb3.25&Prime; background_color=\u00a0\u00bb#f7f7f7&Prime; module_alignment=\u00a0\u00bbcenter\u00a0\u00bb custom_margin=\u00a0\u00bb0px|||\u00a0\u00bb custom_padding=\u00a0\u00bb|5%|150px|5%||true\u00a0\u00bb use_custom_width=\u00a0\u00bbon\u00a0\u00bb locked=\u00a0\u00bboff\u00a0\u00bb][et_pb_column type=\u00a0\u00bb1_2&Prime; _builder_version=\u00a0\u00bb3.25&Prime; custom_padding=\u00a0\u00bb|||\u00a0\u00bb custom_padding__hover=\u00a0\u00bb|||\u00a0\u00bb][et_pb_text admin_label=\u00a0\u00bbTitle\u00a0\u00bb _builder_version=\u00a0\u00bb4.4.7&Prime; text_font=\u00a0\u00bbAvenir book||||||||\u00a0\u00bb text_text_color=\u00a0\u00bb#303030&Prime; text_font_size=\u00a0\u00bb20px\u00a0\u00bb text_line_height=\u00a0\u00bb1.8em\u00a0\u00bb header_font=\u00a0\u00bb||||||||\u00a0\u00bb header_2_font=\u00a0\u00bbTeko||||||||\u00a0\u00bb header_2_font_size=\u00a0\u00bb96px\u00a0\u00bb background_color=\u00a0\u00bb#f7f7f7&Prime; max_width=\u00a0\u00bb700px\u00a0\u00bb module_alignment=\u00a0\u00bbcenter\u00a0\u00bb custom_margin=\u00a0\u00bb||0px|\u00a0\u00bb header_2_font_size_tablet=\u00a0\u00bb66px\u00a0\u00bb header_2_font_size_phone=\u00a0\u00bb36px\u00a0\u00bb header_2_font_size_last_edited=\u00a0\u00bbon|phone\u00a0\u00bb]<\/p>\n<p>I offer you complete solutions to bring your ideas to life. Thanks to the cross-functionality of the different skill centers of my network, we will coordinate the different expertise necessary for the success of your project. From simple support, to setting up a complete production chain in Europe, Switzerland, or abroad, with all the related logistics, I can advise you, support you, or even take is responsible for monitoring the entire project.<\/p>\n<p>[\/et_pb_text][\/et_pb_column][et_pb_column type=\u00a0\u00bb1_2&Prime; _builder_version=\u00a0\u00bb3.25&Prime; custom_padding=\u00a0\u00bb|||\u00a0\u00bb custom_padding__hover=\u00a0\u00bb|||\u00a0\u00bb][et_pb_text admin_label=\u00a0\u00bbTitle\u00a0\u00bb _builder_version=\u00a0\u00bb4.4.7&Prime; text_font=\u00a0\u00bbAvenir book||||||||\u00a0\u00bb text_text_color=\u00a0\u00bb#303030&Prime; text_font_size=\u00a0\u00bb20px\u00a0\u00bb text_line_height=\u00a0\u00bb1.8em\u00a0\u00bb header_font=\u00a0\u00bb||||||||\u00a0\u00bb header_2_font=\u00a0\u00bbTeko||||||||\u00a0\u00bb header_2_font_size=\u00a0\u00bb96px\u00a0\u00bb background_color=\u00a0\u00bb#f7f7f7&Prime; max_width=\u00a0\u00bb700px\u00a0\u00bb module_alignment=\u00a0\u00bbcenter\u00a0\u00bb custom_margin=\u00a0\u00bb||0px|\u00a0\u00bb header_2_font_size_tablet=\u00a0\u00bb66px\u00a0\u00bb header_2_font_size_phone=\u00a0\u00bb36px\u00a0\u00bb header_2_font_size_last_edited=\u00a0\u00bbon|phone\u00a0\u00bb locked=\u00a0\u00bboff\u00a0\u00bb]<\/p>\n<p>If you don&#039;t have a structure, I can provide my skills in purchasing, logistics, and quality.<br \/>I can facilitate discussion with local businesses, and negotiate for you.<br \/>I can go there to audit companies, and ensure that the rules are respected. In full transparency, we can also go there together.<br \/>With or without design, I support you in the management of the project from the development of its brief to the delivery of the finished product.<\/p>\n<p>[\/et_pb_text][\/et_pb_column][\/et_pb_row][\/et_pb_section][et_pb_section fb_built=\u00a0\u00bb1&Prime; admin_label=\u00a0\u00bbStatistics\u00a0\u00bb _builder_version=\u00a0\u00bb3.22&Prime; custom_padding=\u00a0\u00bb|||\u00a0\u00bb][et_pb_row column_structure=\u00a0\u00bb1_3,1_3,1_3&Prime; _builder_version=\u00a0\u00bb3.25&Prime;][et_pb_column type=\u00a0\u00bb1_3&Prime; _builder_version=\u00a0\u00bb3.25&Prime; custom_padding=\u00a0\u00bb|||\u00a0\u00bb custom_padding__hover=\u00a0\u00bb|||\u00a0\u00bb][et_pb_number_counter title=\u00a0\u00bbClients accompagn\u00e9s\u00a0\u00bb number=\u00a0\u00bb101&Prime; percent_sign=\u00a0\u00bboff\u00a0\u00bb _builder_version=\u00a0\u00bb4.4.7&Prime; title_font=\u00a0\u00bbAvenir book|700|||||||\u00a0\u00bb title_font_size=\u00a0\u00bb18px\u00a0\u00bb number_font=\u00a0\u00bbAvenir book|900|||||||\u00a0\u00bb number_text_color=\u00a0\u00bb#9bc848&Prime; number_font_size=\u00a0\u00bb96px\u00a0\u00bb][\/et_pb_number_counter][\/et_pb_column][et_pb_column type=\u00a0\u00bb1_3&Prime; _builder_version=\u00a0\u00bb3.25&Prime; custom_padding=\u00a0\u00bb|||\u00a0\u00bb custom_padding__hover=\u00a0\u00bb|||\u00a0\u00bb][et_pb_number_counter title=\u00a0\u00bbPartenaires strat\u00e9giques dans le monde\u00a0\u00bb number=\u00a0\u00bb162&Prime; percent_sign=\u00a0\u00bboff\u00a0\u00bb _builder_version=\u00a0\u00bb4.4.7&Prime; title_font=\u00a0\u00bbAvenir book|700|||||||\u00a0\u00bb title_font_size=\u00a0\u00bb18px\u00a0\u00bb number_font=\u00a0\u00bbAvenir book|900|||||||\u00a0\u00bb number_text_color=\u00a0\u00bb#9bc848&Prime; number_font_size=\u00a0\u00bb96px\u00a0\u00bb locked=\u00a0\u00bboff\u00a0\u00bb][\/et_pb_number_counter][\/et_pb_column][et_pb_column type=\u00a0\u00bb1_3&Prime; _builder_version=\u00a0\u00bb3.25&Prime; custom_padding=\u00a0\u00bb|||\u00a0\u00bb custom_padding__hover=\u00a0\u00bb|||\u00a0\u00bb][et_pb_number_counter title=\u00a0\u00bbann\u00e9es d&rsquo;exp\u00e9rience\u00a0\u00bb number=\u00a0\u00bb19&Prime; percent_sign=\u00a0\u00bboff\u00a0\u00bb _builder_version=\u00a0\u00bb4.4.7&Prime; title_font=\u00a0\u00bbAvenir book|700|||||||\u00a0\u00bb title_font_size=\u00a0\u00bb18px\u00a0\u00bb number_font=\u00a0\u00bbAvenir book|900|||||||\u00a0\u00bb number_text_color=\u00a0\u00bb#9bc848&Prime; number_font_size=\u00a0\u00bb96px\u00a0\u00bb locked=\u00a0\u00bboff\u00a0\u00bb][\/et_pb_number_counter][\/et_pb_column][\/et_pb_row][\/et_pb_section][et_pb_section fb_built=\u00a0\u00bb1&Prime; _builder_version=\u00a0\u00bb4.4.7&Prime;][et_pb_row _builder_version=\u00a0\u00bb4.4.7&Prime;][et_pb_column type=\u00a0\u00bb4_4&Prime; _builder_version=\u00a0\u00bb4.4.7&Prime;][et_pb_image src=\u00a0\u00bbhttps:\/\/yvanclerc.com\/wp-content\/uploads\/2020\/06\/Yvan-couleur-sourire.jpg\u00a0\u00bb title_text=\u00a0\u00bbYvan couleur sourire\u00a0\u00bb _builder_version=\u00a0\u00bb4.4.7&Prime; hover_enabled=\u00a0\u00bb0&Prime;][\/et_pb_image][\/et_pb_column][\/et_pb_row][et_pb_row _builder_version=\u00a0\u00bb4.4.7&Prime;][et_pb_column type=\u00a0\u00bb4_4&Prime; _builder_version=\u00a0\u00bb4.4.7&Prime;][et_pb_button button_url=\u00a0\u00bb@ET-DC@eyJkeW5hbWljIjp0cnVlLCJjb250ZW50IjoicG9zdF9saW5rX3VybF9wYWdlIiwic2V0dGluZ3MiOnsicG9zdF9pZCI6IjgyIn19@\u00a0\u00bb button_text=\u00a0\u00bbMe contacter\u00a0\u00bb button_alignment=\u00a0\u00bbcenter\u00a0\u00bb _builder_version=\u00a0\u00bb4.4.7&Prime; _dynamic_attributes=\u00a0\u00bbbutton_url\u00a0\u00bb][\/et_pb_button][\/et_pb_column][\/et_pb_row][\/et_pb_section]<\/p>","protected":false},"excerpt":{"rendered":"<p>Qui suis-je ?Apr\u00e8s un parcours dans l&rsquo;horlogerie, qui m&rsquo;a permis d&rsquo;acqu\u00e9rir une certaine exp\u00e9rience ainsi qu&rsquo;une connaissance aiguis\u00e9e de l&rsquo;environnement industriel, j&rsquo;ai d\u00e9cid\u00e9 d&rsquo;allier mes comp\u00e9tences techniques et\u00a0mon r\u00e9seau pour les mettre au service de vos projets.La seule limite,c&rsquo;est vous-m\u00eame. La modernisation de l&rsquo;industrie, l&rsquo;\u00e9volution constante de la technique, de la technologie, de l&rsquo;informatique et [&hellip;]<\/p>","protected":false},"author":1,"featured_media":339,"parent":0,"menu_order":0,"comment_status":"closed","ping_status":"closed","template":"","meta":{"_et_pb_use_builder":"on","_et_pb_old_content":"","_et_gb_content_width":"","footnotes":""},"class_list":["post-155","page","type-page","status-publish","has-post-thumbnail","hentry"],"yoast_head":"<!-- This site is optimized with the Yoast SEO plugin v24.9 - https:\/\/yoast.com\/wordpress\/plugins\/seo\/ -->\n<title>Qui suis-je? - Yvan Clerc<\/title>\n<meta name=\"robots\" content=\"index, follow, max-snippet:-1, max-image-preview:large, max-video-preview:-1\" \/>\n<link rel=\"canonical\" href=\"https:\/\/yvanclerc.com\/en\/qui-suis-je\/\" \/>\n<meta property=\"og:locale\" content=\"en_US\" \/>\n<meta property=\"og:type\" content=\"article\" \/>\n<meta property=\"og:title\" content=\"Qui suis-je? - Yvan Clerc\" \/>\n<meta property=\"og:description\" content=\"Qui suis-je ?Apr\u00e8s un parcours dans l&#039;horlogerie, qui m&#039;a permis d&#039;acqu\u00e9rir une certaine exp\u00e9rience ainsi qu&#039;une connaissance aiguis\u00e9e de l&#039;environnement industriel, j&#039;ai d\u00e9cid\u00e9 d&#039;allier mes comp\u00e9tences techniques et\u00a0mon r\u00e9seau pour les mettre au service de vos projets.La seule limite,c&#039;est vous-m\u00eame. La modernisation de l&#039;industrie, l&#039;\u00e9volution constante de la technique, de la technologie, de l&#039;informatique et [&hellip;]\" \/>\n<meta property=\"og:url\" content=\"https:\/\/yvanclerc.com\/en\/qui-suis-je\/\" \/>\n<meta property=\"og:site_name\" content=\"Yvan Clerc\" \/>\n<meta property=\"article:modified_time\" content=\"2020-08-21T07:09:15+00:00\" \/>\n<meta property=\"og:image\" content=\"https:\/\/yvanclerc.com\/wp-content\/uploads\/2020\/07\/Yvan-serieux.jpg\" \/>\n\t<meta property=\"og:image:width\" content=\"1500\" \/>\n\t<meta property=\"og:image:height\" content=\"1000\" \/>\n\t<meta property=\"og:image:type\" content=\"image\/jpeg\" \/>\n<meta name=\"twitter:card\" content=\"summary_large_image\" \/>\n<meta name=\"twitter:label1\" content=\"Est. reading time\" \/>\n\t<meta name=\"twitter:data1\" content=\"8 minutes\" \/>\n<script type=\"application\/ld+json\" class=\"yoast-schema-graph\">{\"@context\":\"https:\/\/schema.org\",\"@graph\":[{\"@type\":\"WebPage\",\"@id\":\"https:\/\/yvanclerc.com\/qui-suis-je\/\",\"url\":\"https:\/\/yvanclerc.com\/qui-suis-je\/\",\"name\":\"Qui suis-je? - Yvan Clerc\",\"isPartOf\":{\"@id\":\"https:\/\/yvanclerc.com\/#website\"},\"primaryImageOfPage\":{\"@id\":\"https:\/\/yvanclerc.com\/qui-suis-je\/#primaryimage\"},\"image\":{\"@id\":\"https:\/\/yvanclerc.com\/qui-suis-je\/#primaryimage\"},\"thumbnailUrl\":\"https:\/\/yvanclerc.com\/wp-content\/uploads\/2020\/07\/Yvan-serieux.jpg\",\"datePublished\":\"2020-06-11T21:46:13+00:00\",\"dateModified\":\"2020-08-21T07:09:15+00:00\",\"breadcrumb\":{\"@id\":\"https:\/\/yvanclerc.com\/qui-suis-je\/#breadcrumb\"},\"inLanguage\":\"en-US\",\"potentialAction\":[{\"@type\":\"ReadAction\",\"target\":[\"https:\/\/yvanclerc.com\/qui-suis-je\/\"]}]},{\"@type\":\"ImageObject\",\"inLanguage\":\"en-US\",\"@id\":\"https:\/\/yvanclerc.com\/qui-suis-je\/#primaryimage\",\"url\":\"https:\/\/yvanclerc.com\/wp-content\/uploads\/2020\/07\/Yvan-serieux.jpg\",\"contentUrl\":\"https:\/\/yvanclerc.com\/wp-content\/uploads\/2020\/07\/Yvan-serieux.jpg\",\"width\":1500,\"height\":1000,\"caption\":\"Yvan-clerc\"},{\"@type\":\"BreadcrumbList\",\"@id\":\"https:\/\/yvanclerc.com\/qui-suis-je\/#breadcrumb\",\"itemListElement\":[{\"@type\":\"ListItem\",\"position\":1,\"name\":\"Accueil\",\"item\":\"https:\/\/yvanclerc.com\/\"},{\"@type\":\"ListItem\",\"position\":2,\"name\":\"Qui suis-je?\"}]},{\"@type\":\"WebSite\",\"@id\":\"https:\/\/yvanclerc.com\/#website\",\"url\":\"https:\/\/yvanclerc.com\/\",\"name\":\"Yvan Clerc\",\"description\":\"\",\"publisher\":{\"@id\":\"https:\/\/yvanclerc.com\/#organization\"},\"potentialAction\":[{\"@type\":\"SearchAction\",\"target\":{\"@type\":\"EntryPoint\",\"urlTemplate\":\"https:\/\/yvanclerc.com\/?s={search_term_string}\"},\"query-input\":{\"@type\":\"PropertyValueSpecification\",\"valueRequired\":true,\"valueName\":\"search_term_string\"}}],\"inLanguage\":\"en-US\"},{\"@type\":\"Organization\",\"@id\":\"https:\/\/yvanclerc.com\/#organization\",\"name\":\"Yvan Clerc\",\"url\":\"https:\/\/yvanclerc.com\/\",\"logo\":{\"@type\":\"ImageObject\",\"inLanguage\":\"en-US\",\"@id\":\"https:\/\/yvanclerc.com\/#\/schema\/logo\/image\/\",\"url\":\"https:\/\/yvanclerc.com\/wp-content\/uploads\/2020\/08\/Yvan-Clerc-v3-noir.png\",\"contentUrl\":\"https:\/\/yvanclerc.com\/wp-content\/uploads\/2020\/08\/Yvan-Clerc-v3-noir.png\",\"width\":3800,\"height\":1771,\"caption\":\"Yvan Clerc\"},\"image\":{\"@id\":\"https:\/\/yvanclerc.com\/#\/schema\/logo\/image\/\"},\"sameAs\":[\"https:\/\/ch.linkedin.com\/in\/yvan-clerc-59493060\"]}]}<\/script>\n<!-- \/ Yoast SEO plugin. -->","yoast_head_json":{"title":"Qui suis-je? - Yvan Clerc","robots":{"index":"index","follow":"follow","max-snippet":"max-snippet:-1","max-image-preview":"max-image-preview:large","max-video-preview":"max-video-preview:-1"},"canonical":"https:\/\/yvanclerc.com\/en\/qui-suis-je\/","og_locale":"en_US","og_type":"article","og_title":"Qui suis-je? - Yvan Clerc","og_description":"Qui suis-je ?Apr\u00e8s un parcours dans l'horlogerie, qui m'a permis d'acqu\u00e9rir une certaine exp\u00e9rience ainsi qu'une connaissance aiguis\u00e9e de l'environnement industriel, j'ai d\u00e9cid\u00e9 d'allier mes comp\u00e9tences techniques et\u00a0mon r\u00e9seau pour les mettre au service de vos projets.La seule limite,c'est vous-m\u00eame. La modernisation de l'industrie, l'\u00e9volution constante de la technique, de la technologie, de l'informatique et [&hellip;]","og_url":"https:\/\/yvanclerc.com\/en\/qui-suis-je\/","og_site_name":"Yvan Clerc","article_modified_time":"2020-08-21T07:09:15+00:00","og_image":[{"width":1500,"height":1000,"url":"https:\/\/yvanclerc.com\/wp-content\/uploads\/2020\/07\/Yvan-serieux.jpg","type":"image\/jpeg"}],"twitter_card":"summary_large_image","twitter_misc":{"Est. reading time":"8 minutes"},"schema":{"@context":"https:\/\/schema.org","@graph":[{"@type":"WebPage","@id":"https:\/\/yvanclerc.com\/qui-suis-je\/","url":"https:\/\/yvanclerc.com\/qui-suis-je\/","name":"Qui suis-je? - Yvan Clerc","isPartOf":{"@id":"https:\/\/yvanclerc.com\/#website"},"primaryImageOfPage":{"@id":"https:\/\/yvanclerc.com\/qui-suis-je\/#primaryimage"},"image":{"@id":"https:\/\/yvanclerc.com\/qui-suis-je\/#primaryimage"},"thumbnailUrl":"https:\/\/yvanclerc.com\/wp-content\/uploads\/2020\/07\/Yvan-serieux.jpg","datePublished":"2020-06-11T21:46:13+00:00","dateModified":"2020-08-21T07:09:15+00:00","breadcrumb":{"@id":"https:\/\/yvanclerc.com\/qui-suis-je\/#breadcrumb"},"inLanguage":"en-US","potentialAction":[{"@type":"ReadAction","target":["https:\/\/yvanclerc.com\/qui-suis-je\/"]}]},{"@type":"ImageObject","inLanguage":"en-US","@id":"https:\/\/yvanclerc.com\/qui-suis-je\/#primaryimage","url":"https:\/\/yvanclerc.com\/wp-content\/uploads\/2020\/07\/Yvan-serieux.jpg","contentUrl":"https:\/\/yvanclerc.com\/wp-content\/uploads\/2020\/07\/Yvan-serieux.jpg","width":1500,"height":1000,"caption":"Yvan-clerc"},{"@type":"BreadcrumbList","@id":"https:\/\/yvanclerc.com\/qui-suis-je\/#breadcrumb","itemListElement":[{"@type":"ListItem","position":1,"name":"Accueil","item":"https:\/\/yvanclerc.com\/"},{"@type":"ListItem","position":2,"name":"Qui suis-je?"}]},{"@type":"WebSite","@id":"https:\/\/yvanclerc.com\/#website","url":"https:\/\/yvanclerc.com\/","name":"Yvan Clerc","description":"","publisher":{"@id":"https:\/\/yvanclerc.com\/#organization"},"potentialAction":[{"@type":"SearchAction","target":{"@type":"EntryPoint","urlTemplate":"https:\/\/yvanclerc.com\/?s={search_term_string}"},"query-input":{"@type":"PropertyValueSpecification","valueRequired":true,"valueName":"search_term_string"}}],"inLanguage":"en-US"},{"@type":"Organization","@id":"https:\/\/yvanclerc.com\/#organization","name":"Yvan Clerc","url":"https:\/\/yvanclerc.com\/","logo":{"@type":"ImageObject","inLanguage":"en-US","@id":"https:\/\/yvanclerc.com\/#\/schema\/logo\/image\/","url":"https:\/\/yvanclerc.com\/wp-content\/uploads\/2020\/08\/Yvan-Clerc-v3-noir.png","contentUrl":"https:\/\/yvanclerc.com\/wp-content\/uploads\/2020\/08\/Yvan-Clerc-v3-noir.png","width":3800,"height":1771,"caption":"Yvan Clerc"},"image":{"@id":"https:\/\/yvanclerc.com\/#\/schema\/logo\/image\/"},"sameAs":["https:\/\/ch.linkedin.com\/in\/yvan-clerc-59493060"]}]}},"_links":{"self":[{"href":"https:\/\/yvanclerc.com\/en\/wp-json\/wp\/v2\/pages\/155","targetHints":{"allow":["GET"]}}],"collection":[{"href":"https:\/\/yvanclerc.com\/en\/wp-json\/wp\/v2\/pages"}],"about":[{"href":"https:\/\/yvanclerc.com\/en\/wp-json\/wp\/v2\/types\/page"}],"author":[{"embeddable":true,"href":"https:\/\/yvanclerc.com\/en\/wp-json\/wp\/v2\/users\/1"}],"replies":[{"embeddable":true,"href":"https:\/\/yvanclerc.com\/en\/wp-json\/wp\/v2\/comments?post=155"}],"version-history":[{"count":22,"href":"https:\/\/yvanclerc.com\/en\/wp-json\/wp\/v2\/pages\/155\/revisions"}],"predecessor-version":[{"id":617,"href":"https:\/\/yvanclerc.com\/en\/wp-json\/wp\/v2\/pages\/155\/revisions\/617"}],"wp:featuredmedia":[{"embeddable":true,"href":"https:\/\/yvanclerc.com\/en\/wp-json\/wp\/v2\/media\/339"}],"wp:attachment":[{"href":"https:\/\/yvanclerc.com\/en\/wp-json\/wp\/v2\/media?parent=155"}],"curies":[{"name":"wp","href":"https:\/\/api.w.org\/{rel}","templated":true}]}}